{"id":2482,"date":"2024-03-15T11:23:29","date_gmt":"2024-03-15T10:23:29","guid":{"rendered":"https:\/\/www.capeview.es\/agents\/"},"modified":"2024-05-02T11:11:26","modified_gmt":"2024-05-02T09:11:26","slug":"agents","status":"publish","type":"page","link":"https:\/\/www.capeview.es\/fr\/agents\/","title":{"rendered":"Agents"},"content":{"rendered":"<div class=\"wpb-content-wrapper\"><p>[vc_row content_placement=\u00a0\u00bbmiddle\u00a0\u00bb css=\u00a0\u00bb.vc_custom_1712512729802{margin-right: 0px !important;margin-left: 0px !important;padding-top: 0px !important;padding-bottom: 0px !important;background-color: #ffffff !important;}\u00a0\u00bb][vc_column parallax=\u00a0\u00bbcontent-moving\u00a0\u00bb width=\u00a0\u00bb1\/2&Prime; css=\u00a0\u00bb.vc_custom_1712512631300{margin-top: 0px !important;margin-right: 0px !important;margin-bottom: 0px !important;margin-left: 0px !important;padding-top: 0px !important;padding-right: 0px !important;padding-bottom: 0px !important;padding-left: 0px !important;background-color: #ffffff !important;}\u00a0\u00bb][vc_single_image image=\u00a0\u00bb2824&Prime; img_size=\u00a0\u00bbfull\u00a0\u00bb css=\u00a0\u00bb.vc_custom_1712512714244{margin-top: 0px !important;margin-bottom: 0px !important;padding-top: 0px !important;padding-bottom: 0px !important;}\u00a0\u00bb][\/vc_column][vc_column width=\u00a0\u00bb1\/2&Prime; css=\u00a0\u00bb.vc_custom_1712512773908{padding-top: 0px !important;padding-right: 12% !important;padding-bottom: 0px !important;padding-left: 10% !important;background-color: #ffffff !important;}\u00a0\u00bb][vc_row_inner equal_height=\u00a0\u00bbyes\u00a0\u00bb content_placement=\u00a0\u00bbmiddle\u00a0\u00bb][vc_column_inner width=\u00a0\u00bb1\/6&Prime; css=\u00a0\u00bb.vc_custom_1565164944880{padding-right: 0px !important;padding-left: 0px !important;}\u00a0\u00bb]<style type=\"text\/css\" data-type=\"the7_shortcodes-inline-css\">.dt-shortcode-icon.icon-2720f5281c622fd71ef24dbcbdc09765 {\n  min-width: 44px;\n  min-height: 44px;\n  font-size: 32px;\n  border-radius: 0px;\n}\n.dt-shortcode-icon.icon-2720f5281c622fd71ef24dbcbdc09765:last-child {\n  margin-right: 0;\n}\n.dt-shortcode-icon.icon-2720f5281c622fd71ef24dbcbdc09765 .icon-inner {\n  margin: 0px;\n  min-width: 44px;\n  min-height: 44px;\n  border-radius: 0px;\n}\n.dt-shortcode-icon.icon-2720f5281c622fd71ef24dbcbdc09765 .dt-hover-icon {\n  line-height: 44px;\n}\n.dt-shortcode-icon.icon-2720f5281c622fd71ef24dbcbdc09765:before,\n.dt-shortcode-icon.icon-2720f5281c622fd71ef24dbcbdc09765:after,\n.dt-shortcode-icon.icon-2720f5281c622fd71ef24dbcbdc09765 .icon-inner:before,\n.dt-shortcode-icon.icon-2720f5281c622fd71ef24dbcbdc09765 .icon-inner:after {\n  min-width: 100%;\n  min-height: 100%;\n  padding: inherit;\n  border-radius: inherit;\n}\n.dt-shortcode-icon.icon-2720f5281c622fd71ef24dbcbdc09765.dt-icon-border-on:before {\n  border-width: 0px;\n  border-style: solid;\n}\n.dt-icon-border-dashed.dt-shortcode-icon.icon-2720f5281c622fd71ef24dbcbdc09765.dt-icon-border-on:before {\n  border-style: dashed;\n}\n.dt-icon-border-dotted.dt-shortcode-icon.icon-2720f5281c622fd71ef24dbcbdc09765.dt-icon-border-on:before {\n  border-style: dotted;\n}\n.dt-icon-border-double.dt-shortcode-icon.icon-2720f5281c622fd71ef24dbcbdc09765.dt-icon-border-on:before {\n  border-style: double;\n}\n.dt-shortcode-icon.icon-2720f5281c622fd71ef24dbcbdc09765.dt-icon-hover-border-on:after {\n  border-width: 0px;\n  border-style: solid;\n}\n.dt-icon-border-dashed.dt-shortcode-icon.icon-2720f5281c622fd71ef24dbcbdc09765.dt-icon-hover-border-on:after {\n  border-style: dashed;\n}\n.dt-icon-border-dotted.dt-shortcode-icon.icon-2720f5281c622fd71ef24dbcbdc09765.dt-icon-hover-border-on:after {\n  border-style: dotted;\n}\n.dt-icon-border-double.dt-shortcode-icon.icon-2720f5281c622fd71ef24dbcbdc09765.dt-icon-hover-border-on:after {\n  border-style: double;\n}\n.dt-shortcode-icon.icon-2720f5281c622fd71ef24dbcbdc09765.dt-icon-hover-on:hover {\n  font-size: 32px;\n}\n#page .dt-shortcode-icon.icon-2720f5281c622fd71ef24dbcbdc09765.dt-icon-hover-on:hover .soc-font-icon,\n#phantom .dt-shortcode-icon.icon-2720f5281c622fd71ef24dbcbdc09765.dt-icon-hover-on:hover .soc-font-icon,\n#page .dt-shortcode-icon.icon-2720f5281c622fd71ef24dbcbdc09765.dt-icon-hover-on:hover .soc-icon,\n#phantom .dt-shortcode-icon.icon-2720f5281c622fd71ef24dbcbdc09765.dt-icon-hover-on:hover .soc-icon {\n  color: rgba(255,255,255,0.75);\n  background: none;\n}\n#page .dt-shortcode-icon.icon-2720f5281c622fd71ef24dbcbdc09765.dt-icon-hover-on:not(:hover) .soc-font-icon,\n#phantom .dt-shortcode-icon.icon-2720f5281c622fd71ef24dbcbdc09765.dt-icon-hover-on:not(:hover) .soc-font-icon,\n#page .dt-shortcode-icon.icon-2720f5281c622fd71ef24dbcbdc09765.dt-icon-hover-on:not(:hover) .soc-icon,\n#phantom .dt-shortcode-icon.icon-2720f5281c622fd71ef24dbcbdc09765.dt-icon-hover-on:not(:hover) .soc-icon,\n#page .dt-shortcode-icon.icon-2720f5281c622fd71ef24dbcbdc09765.dt-icon-hover-off .soc-font-icon,\n#phantom .dt-shortcode-icon.icon-2720f5281c622fd71ef24dbcbdc09765.dt-icon-hover-off .soc-font-icon,\n#page .dt-shortcode-icon.icon-2720f5281c622fd71ef24dbcbdc09765.dt-icon-hover-off .soc-icon,\n#phantom .dt-shortcode-icon.icon-2720f5281c622fd71ef24dbcbdc09765.dt-icon-hover-off .soc-icon {\n  color: #ad5142;\n  background: none;\n}\n.dt-shortcode-icon.icon-2720f5281c622fd71ef24dbcbdc09765 .soc-font-icon,\n.dt-shortcode-icon.icon-2720f5281c622fd71ef24dbcbdc09765 .soc-icon {\n  font-size: 32px;\n}\n<\/style><div class=\"dt-shortcode-icon-wrap dt-icon-center \"><span  class=\"anchor-link Defaults-envelope icon-2720f5281c622fd71ef24dbcbdc09765 dt-shortcode-icon dt-icon-bg-off dt-icon-hover-border-on dt-icon-hover-off dt-icon-hover-bg-on  vc_custom_1566488500495 \" ><span class=\"icon-inner\"><i class=\"dt-regular-icon soc-icon Defaults-envelope\"><\/i><i class=\"dt-hover-icon soc-icon Defaults-envelope\"><\/i><span class=\"screen-reader-text\"><\/span><\/span><\/span><\/div>[\/vc_column_inner][vc_column_inner width=\u00a0\u00bb5\/6&Prime; css=\u00a0\u00bb.vc_custom_1566488618308{padding-left: 0px !important;}\u00a0\u00bb][vc_column_text css=\u00a0\u00bb.vc_custom_1714640869059{margin-bottom: 30px !important;}\u00a0\u00bb]Si vous souhaitez rejoindre notre r\u00e9seau de collaborateurs, veuillez nous contacter via ce formulaire de contact et nous vous enverrons les d\u00e9tails de nos propri\u00e9t\u00e9s et les accords de collaboration pour les agences.[\/vc_column_text]\n<div class=\"wpcf7 no-js\" id=\"wpcf7-f2992-o1\" lang=\"en-US\" dir=\"ltr\">\n<div class=\"screen-reader-response\"><p role=\"status\" aria-live=\"polite\" aria-atomic=\"true\"><\/p> <ul><\/ul><\/div>\n<form action=\"\/fr\/wp-json\/wp\/v2\/pages\/2482#wpcf7-f2992-o1\" method=\"post\" class=\"wpcf7-form init\" aria-label=\"Contact form\" novalidate=\"novalidate\" data-status=\"init\">\n<div style=\"display: none;\">\n<input type=\"hidden\" name=\"_wpcf7\" value=\"2992\" \/>\n<input type=\"hidden\" name=\"_wpcf7_version\" value=\"5.9.2\" \/>\n<input type=\"hidden\" name=\"_wpcf7_locale\" value=\"en_US\" \/>\n<input type=\"hidden\" name=\"_wpcf7_unit_tag\" value=\"wpcf7-f2992-o1\" \/>\n<input type=\"hidden\" name=\"_wpcf7_container_post\" value=\"0\" \/>\n<input type=\"hidden\" name=\"_wpcf7_posted_data_hash\" value=\"\" \/>\n<\/div>\n<div class=\"wf-container\">\n\t<div class=\"wf-1-2 wf-cell\">\n\t\t<p><label><span class=\"wpcf7-form-control-wrap\" data-name=\"Empresa\"><input size=\"40\" class=\"wpcf7-form-control wpcf7-text wpcf7-validates-as-required\" aria-required=\"true\" aria-invalid=\"false\" placeholder=\"Entreprise\" value=\"\" type=\"text\" name=\"Empresa\" \/><\/span><\/label>\n\t\t<\/p>\n\t<\/div>\n\t<div class=\"wf-1-2 wf-cell\">\n\t\t<p><label><span class=\"wpcf7-form-control-wrap\" data-name=\"Administrador\"><input size=\"40\" class=\"wpcf7-form-control wpcf7-text wpcf7-validates-as-required\" aria-required=\"true\" aria-invalid=\"false\" placeholder=\"Nom de l&#039;administrateur\" value=\"\" type=\"text\" name=\"Administrador\" \/><\/span><\/label>\n\t\t<\/p>\n\t<\/div>\n\t<div class=\"wf-1-2 wf-cell\">\n\t\t<p><label><span class=\"wpcf7-form-control-wrap\" data-name=\"NIF\"><input size=\"40\" class=\"wpcf7-form-control wpcf7-text wpcf7-validates-as-required\" aria-required=\"true\" aria-invalid=\"false\" placeholder=\"DNI\/NIE\/CIF\" value=\"\" type=\"text\" name=\"NIF\" \/><\/span><\/label>\n\t\t<\/p>\n\t<\/div>\n\t<div class=\"wf-1-2 wf-cell\">\n\t\t<p>\n\t\t\t<lable><span class=\"wpcf7-form-control-wrap\" data-name=\"Telefono\"><input size=\"40\" class=\"wpcf7-form-control wpcf7-tel wpcf7-validates-as-required wpcf7-text wpcf7-validates-as-tel\" aria-required=\"true\" aria-invalid=\"false\" placeholder=\"T\u00e9l\u00e9phone\" value=\"\" type=\"tel\" name=\"Telefono\" \/><\/span>\n\t\t\t<\/lable>\n\t\t<\/p>\n\t<\/div>\n\t<div class=\"wf-1-2 wf-cell\">\n\t\t<p>\n\t\t\t<lable><span class=\"wpcf7-form-control-wrap\" data-name=\"Email\"><input size=\"40\" class=\"wpcf7-form-control wpcf7-email wpcf7-validates-as-required wpcf7-text wpcf7-validates-as-email\" aria-required=\"true\" aria-invalid=\"false\" placeholder=\"Adresse \u00e9lectronique\" value=\"\" type=\"email\" name=\"Email\" \/><\/span>\n\t\t\t<\/lable>\n\t\t<\/p>\n\t<\/div>\n<\/div>\n<div class=\"wf-container\">\n\t<div class=\"wf-1 wf-cell\">\n\t\t<p><label><span class=\"wpcf7-form-control-wrap\" data-name=\"your-message\"><textarea cols=\"40\" rows=\"6\" class=\"wpcf7-form-control wpcf7-textarea\" aria-invalid=\"false\" placeholder=\"Observations\" name=\"your-message\"><\/textarea><\/span><\/label>\n\t\t<\/p>\n\t\t<p style=\"margin-bottom:24px\"><label style=\"font-size:90%\"><span class=\"wpcf7-form-control-wrap\" data-name=\"Acepto_Politica\"><span class=\"wpcf7-form-control wpcf7-acceptance\"><span class=\"wpcf7-list-item\"><input type=\"checkbox\" name=\"Acepto_Politica\" value=\"1\" aria-invalid=\"false\" \/><\/span><\/span><\/span> <a href=\"https:\/\/www.capeview.es\/politica-privacidad\/\" target=\"_blank\">J'accepte la politique de confidentialit\u00e9<\/a><\/label>\n\t\t<\/p>\n\t\t<p><input class=\"wpcf7-form-control wpcf7-submit has-spinner\" type=\"submit\" value=\"Envoyer\" \/>\n\t\t<\/p>\n\t<\/div>\n<\/div><div class=\"wpcf7-response-output\" aria-hidden=\"true\"><\/div>\n<\/form>\n<\/div>\n[\/vc_column_inner][\/vc_row_inner][\/vc_column][\/vc_row][vc_row css=\u00a0\u00bb.vc_custom_1712512844589{margin-top: 60px !important;margin-bottom: 0px !important;}\u00a0\u00bb][vc_column][vc_message message_box_color=\u00a0\u00bbgrey\u00a0\u00bb el_class=\u00a0\u00bblegal\u00a0\u00bb]Les informations et le mat\u00e9riel graphique contenus dans ce document sont donn\u00e9s \u00e0 titre indicatif, n&rsquo;ont pas de valeur contractuelle et peuvent \u00eatre modifi\u00e9s en raison d&rsquo;exigences techniques ou l\u00e9gales ou \u00e0 l&rsquo;initiative de la ma\u00eetrise d&rsquo;\u0153uvre. L&rsquo;am\u00e9nagement paysager, la d\u00e9coration et l&rsquo;ameublement sont donn\u00e9s \u00e0 titre d\u00e9coratif et ne sont pas contractuels. Le reste des informations relatives au d\u00e9cret royal 218\/2005 de la Junta de Andaluc\u00eda est disponible et peut \u00eatre consult\u00e9 dans nos bureaux.[\/vc_message][\/vc_column][\/vc_row]<\/p>\n<\/div>","protected":false},"excerpt":{"rendered":"<p>[vc_row content_placement=\u00a0\u00bbmiddle\u00a0\u00bb css=\u00a0\u00bb.vc_custom_1712512729802{margin-right: 0px !important;margin-left: 0px !important;padding-top: 0px !important;padding-bottom: 0px !important;background-color: #ffffff !important;}\u00a0\u00bb][vc_column parallax=\u00a0\u00bbcontent-moving\u00a0\u00bb width=\u00a0\u00bb1\/2&Prime; css=\u00a0\u00bb.vc_custom_1712512631300{margin-top: 0px !important;margin-right: 0px !important;margin-bottom: 0px !important;margin-left: 0px !important;padding-top: 0px !important;padding-right: 0px !important;padding-bottom: 0px !important;padding-left: 0px !important;background-color: #ffffff !important;}\u00a0\u00bb][vc_single_image image=\u00a0\u00bb2824&Prime; img_size=\u00a0\u00bbfull\u00a0\u00bb css=\u00a0\u00bb.vc_custom_1712512714244{margin-top: 0px !important;margin-bottom: 0px !important;padding-top: 0px !important;padding-bottom: 0px !important;}\u00a0\u00bb][\/vc_column][vc_column width=\u00a0\u00bb1\/2&Prime; css=\u00a0\u00bb.vc_custom_1712512773908{padding-top: 0px !important;padding-right: 12% !important;padding-bottom: 0px !important;padding-left: 10% !important;background-color:&hellip;<\/p>\n","protected":false},"author":1,"featured_media":0,"parent":0,"menu_order":0,"comment_status":"closed","ping_status":"closed","template":"","meta":{"om_disable_all_campaigns":false,"_monsterinsights_skip_tracking":false,"_monsterinsights_sitenote_active":false,"_monsterinsights_sitenote_note":"","_monsterinsights_sitenote_category":0,"_uf_show_specific_survey":0,"_uf_disable_surveys":false,"footnotes":""},"class_list":["post-2482","page","type-page","status-publish","hentry","description-off"],"aioseo_notices":[],"_links":{"self":[{"href":"https:\/\/www.capeview.es\/fr\/wp-json\/wp\/v2\/pages\/2482","targetHints":{"allow":["GET"]}}],"collection":[{"href":"https:\/\/www.capeview.es\/fr\/wp-json\/wp\/v2\/pages"}],"about":[{"href":"https:\/\/www.capeview.es\/fr\/wp-json\/wp\/v2\/types\/page"}],"author":[{"embeddable":true,"href":"https:\/\/www.capeview.es\/fr\/wp-json\/wp\/v2\/users\/1"}],"replies":[{"embeddable":true,"href":"https:\/\/www.capeview.es\/fr\/wp-json\/wp\/v2\/comments?post=2482"}],"version-history":[{"count":6,"href":"https:\/\/www.capeview.es\/fr\/wp-json\/wp\/v2\/pages\/2482\/revisions"}],"predecessor-version":[{"id":2993,"href":"https:\/\/www.capeview.es\/fr\/wp-json\/wp\/v2\/pages\/2482\/revisions\/2993"}],"wp:attachment":[{"href":"https:\/\/www.capeview.es\/fr\/wp-json\/wp\/v2\/media?parent=2482"}],"curies":[{"name":"wp","href":"https:\/\/api.w.org\/{rel}","templated":true}]}}