{"id":2488,"date":"2019-06-23T05:58:00","date_gmt":"2019-06-23T03:58:00","guid":{"rendered":"https:\/\/www.capeview.es\/contact\/"},"modified":"2024-05-02T11:21:49","modified_gmt":"2024-05-02T09:21:49","slug":"contact","status":"publish","type":"page","link":"https:\/\/www.capeview.es\/fr\/contact\/","title":{"rendered":"Contact"},"content":{"rendered":"<div class=\"wpb-content-wrapper\"><p>[vc_row full_width=\u00a0\u00bbstretch_row_content_no_spaces\u00a0\u00bb css=\u00a0\u00bb.vc_custom_1566657370335{padding-top: 30px !important;}\u00a0\u00bb][vc_column][\/vc_column][\/vc_row][vc_row content_placement=\u00a0\u00bbmiddle\u00a0\u00bb bg_type=\u00a0\u00bbbg_color\u00a0\u00bb bg_color_value=\u00a0\u00bb#ffffff\u00a0\u00bb css=\u00a0\u00bb.vc_custom_1712240589463{margin-top: 24px !important;margin-bottom: 24px !important;}\u00a0\u00bb][vc_column width=\u00a0\u00bb2\/3&Prime; css=\u00a0\u00bb.vc_custom_1712241236780{margin-bottom: 0px !important;padding-top: 0px !important;padding-right: 0px !important;padding-bottom: 0px !important;padding-left: 0px !important;}\u00a0\u00bb][vc_row_inner equal_height=\u00a0\u00bbyes\u00a0\u00bb content_placement=\u00a0\u00bbtop\u00a0\u00bb css=\u00a0\u00bb.vc_custom_1712240817474{margin-top: 0px !important;margin-bottom: 0px !important;padding-top: 0px !important;padding-right: 0px !important;padding-bottom: 0px !important;padding-left: 0px !important;}\u00a0\u00bb][vc_column_inner css=\u00a0\u00bb.vc_custom_1712240785112{margin-top: 0px !important;margin-bottom: 0px !important;padding-top: 0px !important;padding-bottom: 0px !important;}\u00a0\u00bb][vc_single_image image=\u00a0\u00bb2622&Prime; img_size=\u00a0\u00bblarge\u00a0\u00bb css=\u00a0\u00bb.vc_custom_1712241266529{margin-bottom: 0px !important;}\u00a0\u00bb][\/vc_column_inner][\/vc_row_inner][\/vc_column][vc_column width=\u00a0\u00bb1\/3&Prime;][vc_row_inner equal_height=\u00a0\u00bbyes\u00a0\u00bb content_placement=\u00a0\u00bbtop\u00a0\u00bb css=\u00a0\u00bb.vc_custom_1712241066769{padding-left: 40px !important;}\u00a0\u00bb][vc_column_inner css=\u00a0\u00bb.vc_custom_1565164944880{padding-right: 0px !important;padding-left: 0px !important;}\u00a0\u00bb]<div id=\"ultimate-heading-106269f3b6c66165b\" class=\"uvc-heading ult-adjust-bottom-margin ultimate-heading-106269f3b6c66165b uvc-525  uvc-heading-default-font-sizes\" data-hspacer=\"no_spacer\"  data-halign=\"left\" style=\"text-align:left\"><div class=\"uvc-heading-spacer no_spacer\" style=\"top\"><\/div><div class=\"uvc-main-heading ult-responsive\"  data-ultimate-target='.uvc-heading.ultimate-heading-106269f3b6c66165b h5'  data-responsive-json-new='{\"font-size\":\"\",\"line-height\":\"\"}' ><h5 style=\"--font-weight:theme;margin-bottom:10px;\">MARBELLAIN PROPERTIES<\/h5><\/div><div class=\"uvc-sub-heading ult-responsive\"  data-ultimate-target='.uvc-heading.ultimate-heading-106269f3b6c66165b .uvc-sub-heading '  data-responsive-json-new='{\"font-size\":\"\",\"line-height\":\"\"}'  style=\"font-weight:normal;margin-bottom:20px;\">Avda. del Mar 1, Local 23<br \/>\n29602 Marbella, M\u00e1laga (Spain)<br \/>\nTel: + 34 951 325 264<br \/>\nWhatsapp: + 34 620 288 431<br \/>\nEmail: capeview@marbellain.com<\/div><\/div>[\/vc_column_inner][\/vc_row_inner][\/vc_column][\/vc_row][vc_row content_placement=\u00a0\u00bbmiddle\u00a0\u00bb css=\u00a0\u00bb.vc_custom_1712241859374{margin-top: 24px !important;margin-bottom: 24px !important;}\u00a0\u00bb][vc_column width=\u00a0\u00bb1\/6&Prime; css=\u00a0\u00bb.vc_custom_1712241236780{margin-bottom: 0px !important;padding-top: 0px !important;padding-right: 0px !important;padding-bottom: 0px !important;padding-left: 0px !important;}\u00a0\u00bb][vc_row_inner equal_height=\u00a0\u00bbyes\u00a0\u00bb content_placement=\u00a0\u00bbtop\u00a0\u00bb css=\u00a0\u00bb.vc_custom_1712240817474{margin-top: 0px !important;margin-bottom: 0px !important;padding-top: 0px !important;padding-right: 0px !important;padding-bottom: 0px !important;padding-left: 0px !important;}\u00a0\u00bb][vc_column_inner css=\u00a0\u00bb.vc_custom_1712240785112{margin-top: 0px !important;margin-bottom: 0px !important;padding-top: 0px !important;padding-bottom: 0px !important;}\u00a0\u00bb][\/vc_column_inner][\/vc_row_inner][\/vc_column][vc_column width=\u00a0\u00bb2\/3&Prime;][vc_row_inner equal_height=\u00a0\u00bbyes\u00a0\u00bb content_placement=\u00a0\u00bbtop\u00a0\u00bb css=\u00a0\u00bb.vc_custom_1712241066769{padding-left: 40px !important;}\u00a0\u00bb][vc_column_inner css=\u00a0\u00bb.vc_custom_1712241889043{padding-top: 36px !important;padding-right: 0px !important;padding-bottom: 36px !important;padding-left: 0px !important;}\u00a0\u00bb]<div id=\"ultimate-heading-611069f3b6c6616ed\" class=\"uvc-heading ult-adjust-bottom-margin ultimate-heading-611069f3b6c6616ed uvc-9422  uvc-heading-default-font-sizes\" data-hspacer=\"no_spacer\"  data-halign=\"left\" style=\"text-align:left\"><div class=\"uvc-heading-spacer no_spacer\" style=\"top\"><\/div><div class=\"uvc-main-heading ult-responsive\"  data-ultimate-target='.uvc-heading.ultimate-heading-611069f3b6c6616ed h2'  data-responsive-json-new='{\"font-size\":\"\",\"line-height\":\"\"}' ><h2 style=\"--font-weight:theme;margin-bottom:25px;\">Formulaire de contact<\/h2><\/div><\/div>\n<div class=\"wpcf7 no-js\" id=\"wpcf7-f2998-o1\" lang=\"en-US\" dir=\"ltr\">\n<div class=\"screen-reader-response\"><p role=\"status\" aria-live=\"polite\" aria-atomic=\"true\"><\/p> <ul><\/ul><\/div>\n<form action=\"\/fr\/wp-json\/wp\/v2\/pages\/2488#wpcf7-f2998-o1\" method=\"post\" class=\"wpcf7-form init\" aria-label=\"Contact form\" novalidate=\"novalidate\" data-status=\"init\">\n<div style=\"display: none;\">\n<input type=\"hidden\" name=\"_wpcf7\" value=\"2998\" \/>\n<input type=\"hidden\" name=\"_wpcf7_version\" value=\"5.9.2\" \/>\n<input type=\"hidden\" name=\"_wpcf7_locale\" value=\"en_US\" \/>\n<input type=\"hidden\" name=\"_wpcf7_unit_tag\" value=\"wpcf7-f2998-o1\" \/>\n<input type=\"hidden\" name=\"_wpcf7_container_post\" value=\"0\" \/>\n<input type=\"hidden\" name=\"_wpcf7_posted_data_hash\" value=\"\" \/>\n<\/div>\n<div class=\"wf-container\">\n\t<div class=\"wf-1-2 wf-cell\">\n\t\t<p><label><span class=\"wpcf7-form-control-wrap\" data-name=\"Nombre\"><input size=\"40\" class=\"wpcf7-form-control wpcf7-text wpcf7-validates-as-required\" aria-required=\"true\" aria-invalid=\"false\" placeholder=\"Nom\" value=\"\" type=\"text\" name=\"Nombre\" \/><\/span><\/label>\n\t\t<\/p>\n\t<\/div>\n\t<div class=\"wf-1-2 wf-cell\">\n\t\t<p><label><span class=\"wpcf7-form-control-wrap\" data-name=\"Apellido\"><input size=\"40\" class=\"wpcf7-form-control wpcf7-text wpcf7-validates-as-required\" aria-required=\"true\" aria-invalid=\"false\" placeholder=\"Nom de famille\" value=\"\" type=\"text\" name=\"Apellido\" \/><\/span><\/label>\n\t\t<\/p>\n\t<\/div>\n\t<div class=\"wf-1-2 wf-cell\">\n\t\t<p>\n\t\t\t<lable><span class=\"wpcf7-form-control-wrap\" data-name=\"Telefono\"><input size=\"40\" class=\"wpcf7-form-control wpcf7-tel wpcf7-validates-as-required wpcf7-text wpcf7-validates-as-tel\" aria-required=\"true\" aria-invalid=\"false\" placeholder=\"T\u00e9l\u00e9phone\" value=\"\" type=\"tel\" name=\"Telefono\" \/><\/span>\n\t\t\t<\/lable>\n\t\t<\/p>\n\t<\/div>\n\t<div class=\"wf-1-2 wf-cell\">\n\t\t<p>\n\t\t\t<lable><span class=\"wpcf7-form-control-wrap\" data-name=\"Email\"><input size=\"40\" class=\"wpcf7-form-control wpcf7-email wpcf7-validates-as-required wpcf7-text wpcf7-validates-as-email\" aria-required=\"true\" aria-invalid=\"false\" placeholder=\"Adresse \u00e9lectronique\" value=\"\" type=\"email\" name=\"Email\" \/><\/span>\n\t\t\t<\/lable>\n\t\t<\/p>\n\t<\/div>\n\t<div class=\"wf-1-2 wf-cell\">\n\t\t<p><label><span class=\"wpcf7-form-control-wrap\" data-name=\"Residencia-fiscal\"><input size=\"40\" class=\"wpcf7-form-control wpcf7-text wpcf7-validates-as-required\" aria-required=\"true\" aria-invalid=\"false\" placeholder=\"R\u00e9sidence fiscale\" value=\"\" type=\"text\" name=\"Residencia-fiscal\" \/><\/span><\/label>\n\t\t<\/p>\n\t<\/div>\n<\/div>\n<div class=\"wf-container\">\n\t<div class=\"wf-1 wf-cell\">\n\t\t<p><label><span class=\"wpcf7-form-control-wrap\" data-name=\"your-message\"><textarea cols=\"40\" rows=\"6\" class=\"wpcf7-form-control wpcf7-textarea\" aria-invalid=\"false\" placeholder=\"Observations\" name=\"your-message\"><\/textarea><\/span><\/label>\n\t\t<\/p>\n\t\t<p style=\"margin-bottom:24px\"><label style=\"font-size:90%\"><span class=\"wpcf7-form-control-wrap\" data-name=\"Acepto_Politica\"><span class=\"wpcf7-form-control wpcf7-acceptance\"><span class=\"wpcf7-list-item\"><input type=\"checkbox\" name=\"Acepto_Politica\" value=\"1\" aria-invalid=\"false\" \/><\/span><\/span><\/span> <a href=\"https:\/\/www.capeview.es\/politica-privacidad\/\" target=\"_blank\">J'accepte la politique de confidentialit\u00e9<\/a><\/label>\n\t\t<\/p>\n\t\t<p><input class=\"wpcf7-form-control wpcf7-submit has-spinner\" type=\"submit\" value=\"Envoyer\" \/>\n\t\t<\/p>\n\t<\/div>\n<\/div><div class=\"wpcf7-response-output\" aria-hidden=\"true\"><\/div>\n<\/form>\n<\/div>\n[\/vc_column_inner][\/vc_row_inner][\/vc_column][vc_column width=\u00a0\u00bb1\/6&Prime;][\/vc_column][\/vc_row][vc_row][vc_column][vc_message message_box_color=\u00a0\u00bbgrey\u00a0\u00bb el_class=\u00a0\u00bblegal\u00a0\u00bb]Les informations et le mat\u00e9riel graphique contenus dans ce document sont donn\u00e9s \u00e0 titre indicatif, n&rsquo;ont pas de valeur contractuelle et peuvent \u00eatre modifi\u00e9s en raison d&rsquo;exigences techniques ou l\u00e9gales ou \u00e0 l&rsquo;initiative de la ma\u00eetrise d&rsquo;\u0153uvre. L&rsquo;am\u00e9nagement paysager, la d\u00e9coration et l&rsquo;ameublement sont donn\u00e9s \u00e0 titre d\u00e9coratif et ne sont pas contractuels. Le reste des informations relatives au d\u00e9cret royal 218\/2005 de la Junta de Andaluc\u00eda est disponible et peut \u00eatre consult\u00e9 dans nos bureaux.[\/vc_message][\/vc_column][\/vc_row]<\/p>\n<\/div>","protected":false},"excerpt":{"rendered":"<p>[vc_row full_width=\u00a0\u00bbstretch_row_content_no_spaces\u00a0\u00bb css=\u00a0\u00bb.vc_custom_1566657370335{padding-top: 30px !important;}\u00a0\u00bb][vc_column][\/vc_column][\/vc_row][vc_row content_placement=\u00a0\u00bbmiddle\u00a0\u00bb bg_type=\u00a0\u00bbbg_color\u00a0\u00bb bg_color_value=\u00a0\u00bb#ffffff\u00a0\u00bb css=\u00a0\u00bb.vc_custom_1712240589463{margin-top: 24px !important;margin-bottom: 24px !important;}\u00a0\u00bb][vc_column width=\u00a0\u00bb2\/3&Prime; css=\u00a0\u00bb.vc_custom_1712241236780{margin-bottom: 0px !important;padding-top: 0px !important;padding-right: 0px !important;padding-bottom: 0px !important;padding-left: 0px !important;}\u00a0\u00bb][vc_row_inner equal_height=\u00a0\u00bbyes\u00a0\u00bb content_placement=\u00a0\u00bbtop\u00a0\u00bb css=\u00a0\u00bb.vc_custom_1712240817474{margin-top: 0px !important;margin-bottom: 0px !important;padding-top: 0px !important;padding-right: 0px !important;padding-bottom: 0px !important;padding-left: 0px !important;}\u00a0\u00bb][vc_column_inner css=\u00a0\u00bb.vc_custom_1712240785112{margin-top: 0px !important;margin-bottom: 0px !important;padding-top: 0px !important;padding-bottom: 0px !important;}\u00a0\u00bb][vc_single_image image=\u00a0\u00bb2622&Prime; img_size=\u00a0\u00bblarge\u00a0\u00bb css=\u00a0\u00bb.vc_custom_1712241266529{margin-bottom: 0px !important;}\u00a0\u00bb][\/vc_column_inner][\/vc_row_inner][\/vc_column][vc_column width=\u00a0\u00bb1\/3&Prime;][vc_row_inner&hellip;<\/p>\n","protected":false},"author":1,"featured_media":0,"parent":0,"menu_order":0,"comment_status":"closed","ping_status":"closed","template":"","meta":{"om_disable_all_campaigns":false,"_monsterinsights_skip_tracking":false,"_monsterinsights_sitenote_active":false,"_monsterinsights_sitenote_note":"","_monsterinsights_sitenote_category":0,"_uf_show_specific_survey":0,"_uf_disable_surveys":false,"footnotes":""},"class_list":["post-2488","page","type-page","status-publish","hentry","description-off"],"aioseo_notices":[],"_links":{"self":[{"href":"https:\/\/www.capeview.es\/fr\/wp-json\/wp\/v2\/pages\/2488","targetHints":{"allow":["GET"]}}],"collection":[{"href":"https:\/\/www.capeview.es\/fr\/wp-json\/wp\/v2\/pages"}],"about":[{"href":"https:\/\/www.capeview.es\/fr\/wp-json\/wp\/v2\/types\/page"}],"author":[{"embeddable":true,"href":"https:\/\/www.capeview.es\/fr\/wp-json\/wp\/v2\/users\/1"}],"replies":[{"embeddable":true,"href":"https:\/\/www.capeview.es\/fr\/wp-json\/wp\/v2\/comments?post=2488"}],"version-history":[{"count":7,"href":"https:\/\/www.capeview.es\/fr\/wp-json\/wp\/v2\/pages\/2488\/revisions"}],"predecessor-version":[{"id":2999,"href":"https:\/\/www.capeview.es\/fr\/wp-json\/wp\/v2\/pages\/2488\/revisions\/2999"}],"wp:attachment":[{"href":"https:\/\/www.capeview.es\/fr\/wp-json\/wp\/v2\/media?parent=2488"}],"curies":[{"name":"wp","href":"https:\/\/api.w.org\/{rel}","templated":true}]}}