{"id":2494,"date":"2019-08-30T12:02:43","date_gmt":"2019-08-30T10:02:43","guid":{"rendered":"https:\/\/www.capeview.es\/lequipe\/"},"modified":"2024-05-02T11:34:55","modified_gmt":"2024-05-02T09:34:55","slug":"lequipe","status":"publish","type":"page","link":"https:\/\/www.capeview.es\/fr\/lequipe\/","title":{"rendered":"L&rsquo;\u00e9quipe"},"content":{"rendered":"<div class=\"wpb-content-wrapper\"><p>[vc_row content_placement=\u00a0\u00bbmiddle\u00a0\u00bb css=\u00a0\u00bb.vc_custom_1712482774190{margin-right: 0px !important;margin-bottom: 48px !important;margin-left: 0px !important;}\u00a0\u00bb][vc_column parallax=\u00a0\u00bbcontent-moving\u00a0\u00bb css=\u00a0\u00bb.vc_custom_1712482294070{margin-right: 0px !important;margin-left: 0px !important;padding-top: 0px !important;padding-right: 0px !important;padding-bottom: 0px !important;padding-left: 0px !important;background-color: #ffffff !important;}\u00a0\u00bb][vc_single_image image=\u00a0\u00bb2833&Prime; img_size=\u00a0\u00bbfull\u00a0\u00bb][vc_column_text css=\u00a0\u00bb.vc_custom_1714642492454{padding-top: 36px !important;padding-right: 48px !important;padding-bottom: 36px !important;padding-left: 48px !important;}\u00a0\u00bb]Dans le noble but de satisfaire les exigences les plus sophistiqu\u00e9es d&rsquo;une client\u00e8le de choix, nous avons le plaisir d&rsquo;annoncer la cr\u00e9ation du <strong>Proyecto Elviria<\/strong>, fruit de l&rsquo;union de trois promoteurs visionnaires. Ce projet repr\u00e9sente une synergie exemplaire, o\u00f9 la confluence des id\u00e9aux et des efforts a donn\u00e9 naissance \u00e0 une entreprise unique en son genre.<\/p>\n<p>La vision commune de ces promoteurs s&rsquo;est cristallis\u00e9e dans la mat\u00e9rialisation d&rsquo;un espace r\u00e9sidentiel exceptionnel dans l&#8217;emplacement convoit\u00e9 de Cabopino. Dans cette entreprise, chaque d\u00e9tail a \u00e9t\u00e9 m\u00e9ticuleusement con\u00e7u pour \u00e9lever le niveau de vie de nos futurs r\u00e9sidents \u00e0 des niveaux de luxe et de confort insoup\u00e7onn\u00e9s.<\/p>\n<p>Pour garantir l&rsquo;excellence dans tous les domaines, nous b\u00e9n\u00e9ficions du soutien inestimable de l&rsquo;architecte renomm\u00e9 Francisco Robles, dont le g\u00e9nie cr\u00e9atif a impr\u00e9gn\u00e9 chaque coin de ce projet d&rsquo;une esth\u00e9tique unique et d&rsquo;une fonctionnalit\u00e9 in\u00e9gal\u00e9e.<\/p>\n<p>En outre, dans notre engagement \u00e0 d\u00e9passer les attentes les plus exigeantes, nous avons incorpor\u00e9 Marbellain Properties, une entreprise avec plus de deux d\u00e9cennies d&rsquo;exp\u00e9rience dans la commercialisation et la conception de biens immobiliers, sp\u00e9cialement adapt\u00e9s au march\u00e9 international. Leur implication garantit non seulement une vision globale dans la conception des projets, mais aussi une attention personnalis\u00e9e et une connaissance approfondie des pr\u00e9f\u00e9rences et des besoins de notre distingu\u00e9e client\u00e8le \u00e9trang\u00e8re.<\/p>\n<p>L&rsquo;une des caract\u00e9ristiques les plus distinctives de <strong>Proyecto Elviria<\/strong> est notre conviction profonde de l&rsquo;importance de la personnalisation. Nous reconnaissons que chaque client est unique et nous offrons donc un large \u00e9ventail d&rsquo;options afin qu&rsquo;ils puissent adapter leur espace r\u00e9sidentiel \u00e0 leurs go\u00fbts et besoins individuels. De l&rsquo;agencement des pi\u00e8ces \u00e0 la s\u00e9lection des mat\u00e9riaux et des finitions, nous donnons \u00e0 nos clients une libert\u00e9 sans pr\u00e9c\u00e9dent pour fa\u00e7onner leur maison id\u00e9ale.<\/p>\n<p>En bref, <strong>Proyecto Elviria<\/strong> repr\u00e9sente la quintessence de l&rsquo;excellence dans l&rsquo;industrie immobili\u00e8re. De la conception \u00e0 l&rsquo;ach\u00e8vement, chaque aspect de ce projet a \u00e9t\u00e9 soigneusement planifi\u00e9 et ex\u00e9cut\u00e9 dans le but d&rsquo;offrir une exp\u00e9rience r\u00e9sidentielle in\u00e9gal\u00e9e. Nous nous engageons \u00e0 d\u00e9passer toutes les attentes et \u00e0 \u00e9lever les normes de la vie moderne \u00e0 de nouveaux sommets de luxe et de distinction.<\/p>\n<p><span style=\"margin-top: 50px; vertical-align: middle;\"><br \/>\nPlus d&rsquo;informations<br \/>\n<a href=\"https:\/\/www.rdarquitectos.com\/sobre-nosotros\" target=\"_blank\" rel=\"noopener\"><img loading=\"lazy\" decoding=\"async\" class=\"alignnone\" src=\"https:\/\/www.capeview.es\/wp-content\/uploads\/2024\/04\/logo_rda.png\" alt=\"Robles D\u00edaz Arquitectos\" width=\"263\" height=\"50\" \/><\/a><\/span>[\/vc_column_text]<style type=\"text\/css\" data-type=\"the7_shortcodes-inline-css\">.shortcode-single-image-wrap.shortcode-single-image-70f8d9f98e6f7ffd14f75434ae1eeedd.enable-bg-rollover .rollover i,\n.shortcode-single-image-wrap.shortcode-single-image-70f8d9f98e6f7ffd14f75434ae1eeedd.enable-bg-rollover .rollover-video i {\n  background: -webkit-linear-gradient();\n  background: linear-gradient();\n}\n.shortcode-single-image-wrap.shortcode-single-image-70f8d9f98e6f7ffd14f75434ae1eeedd .rollover-icon {\n  font-size: 32px;\n  color: #ffffff;\n  min-width: 44px;\n  min-height: 44px;\n  line-height: 44px;\n  border-radius: 100px;\n  border-style: solid;\n  border-width: 0px;\n}\n.dt-icon-bg-on.shortcode-single-image-wrap.shortcode-single-image-70f8d9f98e6f7ffd14f75434ae1eeedd .rollover-icon {\n  background: rgba(255,255,255,0.3);\n  box-shadow: none;\n}\n<\/style>[\/vc_column][\/vc_row][vc_row][\/vc_row][vc_row][vc_column][vc_message message_box_color=\u00a0\u00bbgrey\u00a0\u00bb el_class=\u00a0\u00bblegal\u00a0\u00bb]Les informations et le mat\u00e9riel graphique contenus dans ce document sont donn\u00e9s \u00e0 titre indicatif, n&rsquo;ont pas de valeur contractuelle et peuvent \u00eatre modifi\u00e9s en raison d&rsquo;exigences techniques ou l\u00e9gales ou \u00e0 l&rsquo;initiative de la ma\u00eetrise d&rsquo;\u0153uvre. L&rsquo;am\u00e9nagement paysager, la d\u00e9coration et l&rsquo;ameublement sont donn\u00e9s \u00e0 titre d\u00e9coratif et ne sont pas contractuels. Le reste des informations relatives au d\u00e9cret royal 218\/2005 de la Junta de Andaluc\u00eda est disponible et peut \u00eatre consult\u00e9 dans nos bureaux.[\/vc_message][\/vc_column][\/vc_row]<\/p>\n<\/div>","protected":false},"excerpt":{"rendered":"<p>[vc_row content_placement=\u00a0\u00bbmiddle\u00a0\u00bb css=\u00a0\u00bb.vc_custom_1712482774190{margin-right: 0px !important;margin-bottom: 48px !important;margin-left: 0px !important;}\u00a0\u00bb][vc_column parallax=\u00a0\u00bbcontent-moving\u00a0\u00bb css=\u00a0\u00bb.vc_custom_1712482294070{margin-right: 0px !important;margin-left: 0px !important;padding-top: 0px !important;padding-right: 0px !important;padding-bottom: 0px !important;padding-left: 0px !important;background-color: #ffffff !important;}\u00a0\u00bb][vc_single_image image=\u00a0\u00bb2833&Prime; img_size=\u00a0\u00bbfull\u00a0\u00bb][vc_column_text css=\u00a0\u00bb.vc_custom_1714642492454{padding-top: 36px !important;padding-right: 48px !important;padding-bottom: 36px !important;padding-left: 48px !important;}\u00a0\u00bb]Dans le noble but de satisfaire les exigences les plus sophistiqu\u00e9es d&rsquo;une client\u00e8le de choix, nous avons le plaisir d&rsquo;annoncer&hellip;<\/p>\n","protected":false},"author":1,"featured_media":0,"parent":0,"menu_order":0,"comment_status":"closed","ping_status":"closed","template":"","meta":{"om_disable_all_campaigns":false,"_monsterinsights_skip_tracking":false,"_monsterinsights_sitenote_active":false,"_monsterinsights_sitenote_note":"","_monsterinsights_sitenote_category":0,"_uf_show_specific_survey":0,"_uf_disable_surveys":false,"footnotes":""},"class_list":["post-2494","page","type-page","status-publish","hentry","description-off"],"aioseo_notices":[],"_links":{"self":[{"href":"https:\/\/www.capeview.es\/fr\/wp-json\/wp\/v2\/pages\/2494","targetHints":{"allow":["GET"]}}],"collection":[{"href":"https:\/\/www.capeview.es\/fr\/wp-json\/wp\/v2\/pages"}],"about":[{"href":"https:\/\/www.capeview.es\/fr\/wp-json\/wp\/v2\/types\/page"}],"author":[{"embeddable":true,"href":"https:\/\/www.capeview.es\/fr\/wp-json\/wp\/v2\/users\/1"}],"replies":[{"embeddable":true,"href":"https:\/\/www.capeview.es\/fr\/wp-json\/wp\/v2\/comments?post=2494"}],"version-history":[{"count":10,"href":"https:\/\/www.capeview.es\/fr\/wp-json\/wp\/v2\/pages\/2494\/revisions"}],"predecessor-version":[{"id":3007,"href":"https:\/\/www.capeview.es\/fr\/wp-json\/wp\/v2\/pages\/2494\/revisions\/3007"}],"wp:attachment":[{"href":"https:\/\/www.capeview.es\/fr\/wp-json\/wp\/v2\/media?parent=2494"}],"curies":[{"name":"wp","href":"https:\/\/api.w.org\/{rel}","templated":true}]}}